{"id":12,"date":"2015-08-25T09:45:47","date_gmt":"2015-08-25T08:45:47","guid":{"rendered":"http:\/\/www.tennisclubdemarck.fr\/WP\/?page_id=12"},"modified":"2022-06-08T14:35:44","modified_gmt":"2022-06-08T13:35:44","slug":"le-comite","status":"publish","type":"page","link":"http:\/\/www.tennisclubdemarck.fr\/WP\/le-comite\/","title":{"rendered":"Le comit\u00e9"},"content":{"rendered":"\n<center>\n<table border=\"none\" width=\"0%\" cellspacing=\"10\" align=\"center\">\n<tbody>\n<tr>\n<td align=\"center\" valign=\"top\" width=\"150\">\n<p align=\"center\"><img loading=\"lazy\" decoding=\"async\" id=\"Espace3\" src=\"\" alt=\"\" width=\"100\" height=\"130\" name=\"Espace\" align=\"middle\"><\/p>\n<p class=\"gras\" align=\"center\"><strong>Fr\u00e9d\u00e9ric<br>Merlevede<\/strong><\/p>\n<p class=\"italique\" align=\"center\">Tr\u00e9sorier<\/p>\n<\/td>\n<td align=\"center\" valign=\"top\">&nbsp;<\/td>\n<td align=\"center\" valign=\"top\" width=\"150\">\n<p align=\"center\"><img loading=\"lazy\" decoding=\"async\" id=\"Espace2\" src=\"\/gallery\/pics\/jacques.jpg\" alt=\"\" width=\"100\" height=\"130\" name=\"Espace\" align=\"middle\"><\/p>\n<p class=\"gras\" align=\"center\"><strong>Jacques<br>Bart<\/strong><\/p>\n<p class=\"italique\" align=\"center\">Pr\u00e9sident<\/p>\n<\/td>\n<td align=\"center\" valign=\"top\">&nbsp;<\/td>\n<td align=\"center\" valign=\"top\" width=\"150\">\n<p align=\"center\"><img loading=\"lazy\" decoding=\"async\" src=\"http:\/\/www.tennisclubdemarck.fr\/WP\/wp-content\/uploads\/2019\/09\/marielle-delacourt-e1568643977634-113x150.jpg\" alt=\"\" width=\"100\" height=\"130\" align=\"middle\"><\/p>\n<p class=\"gras\" align=\"center\"><strong>Marielle<br>Delacout<\/strong><\/p>\n<p class=\"italique\" align=\"center\">Secr\u00e9taire<\/p>\n<\/td>\n<\/tr>\n<tr>\n<td align=\"center\" valign=\"top\" width=\"150\">&nbsp;<\/td>\n<td align=\"center\" valign=\"top\">&nbsp;<\/td>\n<td align=\"center\" valign=\"top\" width=\"150\">\n<p align=\"center\">&nbsp;<\/p>\n<\/td>\n<td align=\"center\" valign=\"top\">&nbsp;<\/td>\n<td align=\"center\" valign=\"top\" width=\"150\">&nbsp;<\/td>\n<\/tr>\n<tr>\n<td align=\"center\" valign=\"top\" width=\"150\">\n<p align=\"center\"><img loading=\"lazy\" decoding=\"async\" src=\"http:\/\/www.tennisclubdemarck.fr\/WP\/wp-content\/uploads\/2019\/09\/geo-e1568643763125-143x150.jpg\" alt=\"\" width=\"100\" height=\"130\" align=\"middle\"><br><strong>Geoffrey<br>Wesse <\/strong><\/p>\n<p class=\"italique\" align=\"center\">Charg\u00e9 du p\u00f4le comp\u00e9tition et du d\u00e9veloppement informatique<\/p>\n<\/td>\n<td align=\"center\" valign=\"top\">&nbsp;<\/td>\n<td align=\"center\" valign=\"top\" width=\"150\">\n<p align=\"center\"><img loading=\"lazy\" decoding=\"async\" src=\"http:\/\/www.tennisclubdemarck.fr\/WP\/wp-content\/uploads\/2019\/09\/MDS_6425-e1568644148947-150x150.jpg\" alt=\"\" width=\"100\" height=\"130\" align=\"middle\"><\/p>\n<p class=\"gras\" align=\"center\"><strong>Marc<br>Desombre <\/strong><\/p>\n<p class=\"italique\" align=\"center\">Vice-pr\u00e9sident<\/p>\n<\/td>\n<td align=\"center\" valign=\"top\">&nbsp;<\/td>\n<td align=\"center\" valign=\"top\" width=\"150\">\n<p align=\"center\"><img loading=\"lazy\" decoding=\"async\" id=\"Espace\" src=\"http:\/\/www.tennisclubdemarck.fr\/WP\/wp-content\/uploads\/2022\/06\/sylvain.jpg\" alt=\"\" width=\"100\" height=\"130\" name=\"Espace\" align=\"middle\"><br><br><strong>Sylvain<br>Wesse <\/strong><\/p>\n<p class=\"italique\" align=\"center\">Assistant D.E<br>et membre actif<\/p>\n<\/td>\n<\/tr>\n<tr>\n<td align=\"center\" valign=\"top\" width=\"150\">&nbsp;<\/td>\n<td align=\"center\" valign=\"top\">&nbsp;<\/td>\n<td align=\"center\" valign=\"top\" width=\"150\">&nbsp;<\/td>\n<td align=\"center\" valign=\"top\">&nbsp;<\/td>\n<td align=\"center\" valign=\"top\" width=\"150\">&nbsp;<\/td>\n<\/tr>\n<tr>\n<td align=\"center\" valign=\"top\" width=\"150\">\n<p align=\"center\"><img loading=\"lazy\" decoding=\"async\" src=\"http:\/\/www.tennisclubdemarck.fr\/WP\/wp-content\/uploads\/2019\/09\/Christian-Cheyrouze-e1568643626497-221x300.jpg\" alt=\"\" width=\"100\" height=\"130\" align=\"middle\"><strong><br>Christian<br>Cheyrouze <\/strong><\/p>\n<p class=\"italique\" align=\"center\">Charg\u00e9 de l&rsquo;organisation du tournoi interne des jeunes et assistant D.E<\/p>\n<\/td>\n<td align=\"center\" valign=\"top\">&nbsp;<\/td>\n<td align=\"center\" valign=\"top\" width=\"150\">\n<p align=\"center\"><img loading=\"lazy\" decoding=\"async\" id=\"Espace9\" src=\"\/gallery\/pics\/marielaure.jpg\" alt=\"\" width=\"100\" height=\"130\" name=\"Espace\" align=\"middle\"><br><br><strong>Marie Laure<br>Mouchon <\/strong><\/p>\n<p class=\"italique\" align=\"center\">Assistant D.E<\/p>\n<\/td>\n<td align=\"center\" valign=\"top\">&nbsp;<\/td>\n<td align=\"center\" valign=\"top\" width=\"150\">\n<p align=\"center\"><img loading=\"lazy\" decoding=\"async\" id=\"Espace5\" src=\"\/gallery\/pics\/marieclaude.jpg\" alt=\"\" width=\"100\" height=\"130\" name=\"Espace\" align=\"middle\"><br><strong><br>Marie Claude<br>Willeman <\/strong><\/p>\n<p class=\"italique\" align=\"center\">Charg\u00e9e de l&rsquo;intendance<\/p>\n<\/td>\n<\/tr>\n<tr>\n<td align=\"center\" valign=\"top\" width=\"150\">&nbsp;<\/td>\n<td align=\"center\" valign=\"top\">&nbsp;<\/td>\n<td align=\"center\" valign=\"top\" width=\"150\">&nbsp;<\/td>\n<td align=\"center\" valign=\"top\">&nbsp;<\/td>\n<td align=\"center\" valign=\"top\" width=\"150\">&nbsp;<\/td>\n<\/tr>\n<tr>\n<td align=\"center\" valign=\"top\" width=\"150\">\n<p align=\"center\"><img loading=\"lazy\" decoding=\"async\" id=\"Espace8\" src=\"\/gallery\/pics\/christian.jpg\" alt=\"\" width=\"100\" height=\"130\" name=\"Espace\" align=\"middle\"><br><br><strong>Christian<br>Lasson<\/strong><\/p>\n<p class=\"italique\" align=\"center\">Charg\u00e9 de l&rsquo;intendance<\/p>\n<\/td>\n<td align=\"center\" valign=\"top\">&nbsp;<\/td>\n<td align=\"center\" valign=\"top\" width=\"150\">\n<p align=\"center\"><img loading=\"lazy\" decoding=\"async\" id=\"Espace8\" src=\"http:\/\/www.tennisclubdemarck.fr\/WP\/wp-content\/uploads\/2022\/06\/yannick.jpg\" alt=\"\" width=\"100\" height=\"130\" name=\"Espace\" align=\"middle\"><br><br><strong>Yannick<br>Lutic<\/strong><\/p>\n<p class=\"italique\" align=\"center\">Charg\u00e9 de l&rsquo;\u00e9v\u00e9nementiel et secr\u00e9taire adjoint<\/p>\n<\/td>\n<td align=\"center\" valign=\"middle\">&nbsp;<\/td>\n<td align=\"center\" valign=\"top\" width=\"150\">\n<p align=\"center\"><img loading=\"lazy\" decoding=\"async\" id=\"Espace8\" src=\"http:\/\/www.tennisclubdemarck.fr\/WP\/wp-content\/uploads\/2022\/06\/nadege.jpg\" alt=\"\" width=\"100\" height=\"130\" name=\"Espace\" align=\"middle\"><br><br><strong>Nad\u00e8ge<br>Baudart<\/strong><\/p>\n<p class=\"italique\" align=\"center\">Charg\u00e9e de l&rsquo;\u00e9v\u00e9nementiel et secr\u00e9taire adjoint<\/p>\n<\/td>\n<\/tr>\n<\/tbody>\n<\/table>\n<\/center>\n","protected":false},"excerpt":{"rendered":"<p>Fr\u00e9d\u00e9ricMerlevede Tr\u00e9sorier &nbsp; JacquesBart Pr\u00e9sident &nbsp; MarielleDelacout Secr\u00e9taire &nbsp; &nbsp; &nbsp; &nbsp; &nbsp; GeoffreyWesse Charg\u00e9 du p\u00f4le comp\u00e9tition et du d\u00e9veloppement informatique &nbsp; MarcDesombre Vice-pr\u00e9sident &nbsp; SylvainWesse Assistant D.Eet membre actif &nbsp; &nbsp; &nbsp; &nbsp; &nbsp; ChristianCheyrouze Charg\u00e9 de l&rsquo;organisation du tournoi interne des jeunes et assistant D.E &nbsp; Marie LaureMouchon Assistant D.E &nbsp; Marie [&hellip;]<\/p>\n","protected":false},"author":1,"featured_media":0,"parent":0,"menu_order":1,"comment_status":"closed","ping_status":"closed","template":"","meta":{"footnotes":""},"class_list":["post-12","page","type-page","status-publish","hentry"],"_links":{"self":[{"href":"http:\/\/www.tennisclubdemarck.fr\/WP\/wp-json\/wp\/v2\/pages\/12","targetHints":{"allow":["GET"]}}],"collection":[{"href":"http:\/\/www.tennisclubdemarck.fr\/WP\/wp-json\/wp\/v2\/pages"}],"about":[{"href":"http:\/\/www.tennisclubdemarck.fr\/WP\/wp-json\/wp\/v2\/types\/page"}],"author":[{"embeddable":true,"href":"http:\/\/www.tennisclubdemarck.fr\/WP\/wp-json\/wp\/v2\/users\/1"}],"replies":[{"embeddable":true,"href":"http:\/\/www.tennisclubdemarck.fr\/WP\/wp-json\/wp\/v2\/comments?post=12"}],"version-history":[{"count":24,"href":"http:\/\/www.tennisclubdemarck.fr\/WP\/wp-json\/wp\/v2\/pages\/12\/revisions"}],"predecessor-version":[{"id":1234,"href":"http:\/\/www.tennisclubdemarck.fr\/WP\/wp-json\/wp\/v2\/pages\/12\/revisions\/1234"}],"wp:attachment":[{"href":"http:\/\/www.tennisclubdemarck.fr\/WP\/wp-json\/wp\/v2\/media?parent=12"}],"curies":[{"name":"wp","href":"https:\/\/api.w.org\/{rel}","templated":true}]}}