{"id":49,"date":"2015-08-25T10:51:56","date_gmt":"2015-08-25T09:51:56","guid":{"rendered":"http:\/\/www.tennisclubdemarck.fr\/WP\/?page_id=49"},"modified":"2022-06-08T14:39:40","modified_gmt":"2022-06-08T13:39:40","slug":"ecole-de-tennis","status":"publish","type":"page","link":"http:\/\/www.tennisclubdemarck.fr\/WP\/ecole-de-tennis\/","title":{"rendered":"Ecole de tennis"},"content":{"rendered":"\n<p>Une centaine d&rsquo;enfants font partie de notre \u00e9cole de tennis, r\u00e9partis dans les cr\u00e9neaux du mercredi apr\u00e8s-midi et du samedi. Nous les accueillons \u00e0 partir de 4 ans et proposons une p\u00e9dagogie \u00e9volutive laissant une part prioritaire au jeu. Apprendre en s&rsquo;amusant, telle est notre pr\u00e9occupation durant chaque s\u00e9ance<\/p>\n\n\n\n<p>Nous sommes \u00e9galement attentifs \u00e0 respecter les attentes de chaque enfant, son rythme et sa motivation.<\/p>\n\n\n\n<p>Des comp\u00e9titions amicales et officielles sont propos\u00e9es tout au long de l&rsquo;ann\u00e9e, ainsi que diff\u00e9rentes animations chaque trimestre pour permettre \u00e0 chacun des enfants d&rsquo;y vivre SON tennis.<\/p>\n\n\n\n<p>Enfin, nous veillons \u00e0 ce que les parents soient le plus possible concern\u00e9s par la pratique de leur enfant, en les encourageant \u00e0 participer activement aux diff\u00e9rentes animations organis\u00e9es et en favorisant la pratique en dehors des cours<\/p>\n\n\n\n<p>Nous vous donnons rendez-vous \u00e0 la rentr\u00e9e pour d&rsquo;autres nouvelles aventures<\/p>\n\n\n\n<p>Sportivement votre<\/p>\n\n\n\n<figure class=\"wp-block-gallery has-nested-images columns-default is-cropped wp-block-gallery-1 is-layout-flex wp-block-gallery-is-layout-flex\">\n<figure class=\"wp-block-image size-large\"><img loading=\"lazy\" decoding=\"async\" width=\"1620\" height=\"1080\" data-id=\"1241\" src=\"http:\/\/www.tennisclubdemarck.fr\/WP\/wp-content\/uploads\/2022\/06\/banniere-1620x1080.jpg\" alt=\"\" class=\"wp-image-1241\" srcset=\"http:\/\/www.tennisclubdemarck.fr\/WP\/wp-content\/uploads\/2022\/06\/banniere-1620x1080.jpg 1620w, http:\/\/www.tennisclubdemarck.fr\/WP\/wp-content\/uploads\/2022\/06\/banniere-300x200.jpg 300w, http:\/\/www.tennisclubdemarck.fr\/WP\/wp-content\/uploads\/2022\/06\/banniere-1536x1024.jpg 1536w, http:\/\/www.tennisclubdemarck.fr\/WP\/wp-content\/uploads\/2022\/06\/banniere.jpg 2048w\" sizes=\"auto, (max-width: 1620px) 100vw, 1620px\" \/><\/figure>\n\n\n\n<figure class=\"wp-block-image size-large\"><img loading=\"lazy\" decoding=\"async\" width=\"960\" height=\"720\" data-id=\"1238\" src=\"http:\/\/www.tennisclubdemarck.fr\/WP\/wp-content\/uploads\/2022\/06\/IMG-4217-1.jpg\" alt=\"\" class=\"wp-image-1238\" srcset=\"http:\/\/www.tennisclubdemarck.fr\/WP\/wp-content\/uploads\/2022\/06\/IMG-4217-1.jpg 960w, http:\/\/www.tennisclubdemarck.fr\/WP\/wp-content\/uploads\/2022\/06\/IMG-4217-1-300x225.jpg 300w\" sizes=\"auto, (max-width: 960px) 100vw, 960px\" \/><\/figure>\n\n\n\n<figure class=\"wp-block-image size-large\"><img loading=\"lazy\" decoding=\"async\" width=\"960\" height=\"432\" data-id=\"1239\" src=\"http:\/\/www.tennisclubdemarck.fr\/WP\/wp-content\/uploads\/2022\/06\/IMG-4219.jpg\" alt=\"\" class=\"wp-image-1239\" srcset=\"http:\/\/www.tennisclubdemarck.fr\/WP\/wp-content\/uploads\/2022\/06\/IMG-4219.jpg 960w, http:\/\/www.tennisclubdemarck.fr\/WP\/wp-content\/uploads\/2022\/06\/IMG-4219-300x135.jpg 300w\" sizes=\"auto, (max-width: 960px) 100vw, 960px\" \/><\/figure>\n\n\n\n<figure class=\"wp-block-image size-large\"><img loading=\"lazy\" decoding=\"async\" width=\"960\" height=\"432\" data-id=\"1240\" src=\"http:\/\/www.tennisclubdemarck.fr\/WP\/wp-content\/uploads\/2022\/06\/IMG-4220.jpg\" alt=\"\" class=\"wp-image-1240\" srcset=\"http:\/\/www.tennisclubdemarck.fr\/WP\/wp-content\/uploads\/2022\/06\/IMG-4220.jpg 960w, http:\/\/www.tennisclubdemarck.fr\/WP\/wp-content\/uploads\/2022\/06\/IMG-4220-300x135.jpg 300w\" sizes=\"auto, (max-width: 960px) 100vw, 960px\" \/><\/figure>\n<\/figure>\n","protected":false},"excerpt":{"rendered":"<p>Une centaine d&rsquo;enfants font partie de notre \u00e9cole de tennis, r\u00e9partis dans les cr\u00e9neaux du mercredi apr\u00e8s-midi et du samedi. Nous les accueillons \u00e0 partir de 4 ans et proposons une p\u00e9dagogie \u00e9volutive laissant une part prioritaire au jeu. Apprendre en s&rsquo;amusant, telle est notre pr\u00e9occupation durant chaque s\u00e9ance Nous sommes \u00e9galement attentifs \u00e0 respecter [&hellip;]<\/p>\n","protected":false},"author":1,"featured_media":1236,"parent":0,"menu_order":0,"comment_status":"closed","ping_status":"closed","template":"","meta":{"footnotes":""},"class_list":["post-49","page","type-page","status-publish","has-post-thumbnail","hentry"],"_links":{"self":[{"href":"http:\/\/www.tennisclubdemarck.fr\/WP\/wp-json\/wp\/v2\/pages\/49","targetHints":{"allow":["GET"]}}],"collection":[{"href":"http:\/\/www.tennisclubdemarck.fr\/WP\/wp-json\/wp\/v2\/pages"}],"about":[{"href":"http:\/\/www.tennisclubdemarck.fr\/WP\/wp-json\/wp\/v2\/types\/page"}],"author":[{"embeddable":true,"href":"http:\/\/www.tennisclubdemarck.fr\/WP\/wp-json\/wp\/v2\/users\/1"}],"replies":[{"embeddable":true,"href":"http:\/\/www.tennisclubdemarck.fr\/WP\/wp-json\/wp\/v2\/comments?post=49"}],"version-history":[{"count":4,"href":"http:\/\/www.tennisclubdemarck.fr\/WP\/wp-json\/wp\/v2\/pages\/49\/revisions"}],"predecessor-version":[{"id":1242,"href":"http:\/\/www.tennisclubdemarck.fr\/WP\/wp-json\/wp\/v2\/pages\/49\/revisions\/1242"}],"wp:featuredmedia":[{"embeddable":true,"href":"http:\/\/www.tennisclubdemarck.fr\/WP\/wp-json\/wp\/v2\/media\/1236"}],"wp:attachment":[{"href":"http:\/\/www.tennisclubdemarck.fr\/WP\/wp-json\/wp\/v2\/media?parent=49"}],"curies":[{"name":"wp","href":"https:\/\/api.w.org\/{rel}","templated":true}]}}